{"id":6084,"date":"2018-03-31T16:24:03","date_gmt":"2018-03-31T16:24:03","guid":{"rendered":"http:\/\/www.transocean.lv\/new\/roro-transport-services\/"},"modified":"2023-02-16T21:24:27","modified_gmt":"2023-02-16T21:24:27","slug":"roro-transporta-pakalpojumi","status":"publish","type":"page","link":"https:\/\/www.transocean.lv\/lv\/musu-pakalpojumi\/roro-transporta-pakalpojumi\/","title":{"rendered":"RoRo transporta pakalpojumi"},"content":{"rendered":"<div class=\"flex_column av_one_half  flex_column_div av-zero-column-padding first  avia-builder-el-0  el_before_av_one_half  avia-builder-el-first  \" style='border-radius:0px; '><section class=\"av_textblock_section \"  itemscope=\"itemscope\" itemtype=\"https:\/\/schema.org\/CreativeWork\" ><div class='avia_textblock  '   itemprop=\"text\" ><section class=\"av_textblock_section\">\n<div class=\"avia_textblock \">\n<h1>RoRo transporta pakalpojumi<\/h1>\n<p>Transocean is providing RoRo transport solutions as<\/p>\n<ul>\n<li><strong>Short-sea RoRo transport.<\/strong><br \/>\nRolling and static cargo transport on Baltic, Mediterranean, and North Sea routes.<\/li>\n<li><strong>Overseas RoRo transport.<\/strong><br \/>\nRoRo transport from\/to Baltics in cooperation with major worldwide RoRo carriers.<br \/>\nTransocean is an official agent in Estonia for NYK RoRo and ACL RoRo.<\/li>\n<li><strong>ACL RoRo offers a weekly connection from the East Coast of the USA to Paldiski, Estonia.<\/strong><br \/>\nACL RoRo is a specialized Transatlantic carrier of containers, project and oversized cargo, heavy equipment, and vehicles with the world\u2019s largest combination RORO\/Containerships (CONRO).\u00a0 <a href=\"http:\/\/aclcargo.com\/vesselSchedules.php\">Schedule<\/a><\/li>\n<\/ul>\n<p>*NYK RoRo is the world\u2019s largest RORO ocean carrier, serving the main RoRo ports of Europe, Africa, Asia, and North- and South America. The fleet of 120 RORO vessels carries in excess of 3 million cars annually across the globe. The main deck and ramp are engineered with sufficient strength to handle heavy-duty cargo up to 200 tonnes and 6.3m high. <a href=\"http:\/\/www.nykroro.com\/customer\/schedules.html\">Schedule<\/a><\/p>\n<\/div>\n<\/section>\n<div class=\"avia-button-wrap avia-button-left avia-builder-el-3 el_after_av_textblock el_before_av_button \"><\/div>\n<\/div><\/section><br \/>\n<div  class='avia-button-wrap avia-button-left  avia-builder-el-2  el_after_av_textblock  el_before_av_button ' ><a href='mailto:mailto:transcoean@transcoean.lv'  class='avia-button av-icon-on-hover avia-color-theme-color   avia-icon_select-yes-left-icon avia-size-medium avia-position-left '   ><span class='avia_button_icon avia_button_icon_left ' aria-hidden='true' data-av_icon='\ue8b7' data-av_iconfont='entypo-fontello'><\/span><span class='avia_iconbox_title' >transcoean@transcoean.lv<\/span><\/a><\/div><br \/>\n<div  class='avia-button-wrap avia-button-right  avia-builder-el-3  el_after_av_button  avia-builder-el-last ' ><a href='call:+37167381522'  class='avia-button av-icon-on-hover avia-color-theme-color   avia-icon_select-yes-left-icon avia-size-medium avia-position-right '   ><span class='avia_button_icon avia_button_icon_left ' aria-hidden='true' data-av_icon='\ue854' data-av_iconfont='entypo-fontello'><\/span><span class='avia_iconbox_title' >+371 67 381 522<\/span><\/a><\/div><\/p><\/div><div class=\"flex_column av_one_half  flex_column_div av-zero-column-padding   avia-builder-el-4  el_after_av_one_half  el_before_av_section  avia-builder-el-last  \" style='border-radius:0px; '><div  class='avia-gallery  avia-gallery-1 avia_lazyload avia-gallery-animate avia_animate_when_visible  avia-builder-el-5  avia-builder-el-no-sibling '  itemprop=\"image\" itemscope=\"itemscope\" itemtype=\"https:\/\/schema.org\/ImageObject\" ><a class='avia-gallery-big fakeLightbox lightbox avia-gallery-big-crop-thumb ' href=\"https:\/\/www.transocean.lv\/wp-content\/uploads\/2018\/03\/roro-transport-services-4-1-1030x687.jpg\" href=\"1030\" href=\"687\" href=\"1\" data-srcset=\"https:\/\/www.transocean.lv\/wp-content\/uploads\/2018\/03\/roro-transport-services-4-1.jpg 1030w, https:\/\/www.transocean.lv\/wp-content\/uploads\/2018\/03\/roro-transport-services-4-1-300x200.jpg 300w, https:\/\/www.transocean.lv\/wp-content\/uploads\/2018\/03\/roro-transport-services-4-1-768x512.jpg 768w, https:\/\/www.transocean.lv\/wp-content\/uploads\/2018\/03\/roro-transport-services-4-1-705x470.jpg 705w\" data-sizes=\"(max-width: 1030px) 100vw, 1030px\"  data-onclick='1' title='roro-transport-services-4' ><span class='avia-gallery-big-inner'  itemprop=\"thumbnailUrl\" ><img decoding=\"async\" class=\"wp-image-6085 avia-img-lazy-loading-not-6085\"  width=\"1030\" height=\"687\" src=\"https:\/\/www.transocean.lv\/wp-content\/uploads\/2018\/03\/roro-transport-services-4-1.jpg\" title='roro-transport-services-4' alt='' srcset=\"https:\/\/www.transocean.lv\/wp-content\/uploads\/2018\/03\/roro-transport-services-4-1.jpg 1030w, https:\/\/www.transocean.lv\/wp-content\/uploads\/2018\/03\/roro-transport-services-4-1-300x200.jpg 300w, https:\/\/www.transocean.lv\/wp-content\/uploads\/2018\/03\/roro-transport-services-4-1-768x512.jpg 768w, https:\/\/www.transocean.lv\/wp-content\/uploads\/2018\/03\/roro-transport-services-4-1-705x470.jpg 705w\" sizes=\"(max-width: 1030px) 100vw, 1030px\" \/><\/span><\/a><div class='avia-gallery-thumb'> <a href=\"https:\/\/www.transocean.lv\/wp-content\/uploads\/2018\/03\/roro-transport-services-4-1-1030x687.jpg\" href=\"1030\" href=\"687\" href=\"1\" data-srcset=\"https:\/\/www.transocean.lv\/wp-content\/uploads\/2018\/03\/roro-transport-services-4-1.jpg 1030w, https:\/\/www.transocean.lv\/wp-content\/uploads\/2018\/03\/roro-transport-services-4-1-300x200.jpg 300w, https:\/\/www.transocean.lv\/wp-content\/uploads\/2018\/03\/roro-transport-services-4-1-768x512.jpg 768w, https:\/\/www.transocean.lv\/wp-content\/uploads\/2018\/03\/roro-transport-services-4-1-705x470.jpg 705w\" data-sizes=\"(max-width: 1030px) 100vw, 1030px\" data-rel='gallery-1' data-prev-img='https:\/\/www.transocean.lv\/wp-content\/uploads\/2018\/03\/roro-transport-services-4-1.jpg' class='first_thumb lightbox ' data-onclick='1' title='roro-transport-services-4'  itemprop=\"thumbnailUrl\"  ><img decoding=\"async\" class=\"wp-image-6085 avia-img-lazy-loading-not-6085\"   src=\"https:\/\/www.transocean.lv\/wp-content\/uploads\/2018\/03\/roro-transport-services-4-1-495x400.jpg\" width=\"495\" height=\"400\"  title='roro-transport-services-4' alt='' srcset=\"https:\/\/www.transocean.lv\/wp-content\/uploads\/2018\/03\/roro-transport-services-4-1-495x400.jpg 495w, https:\/\/www.transocean.lv\/wp-content\/uploads\/2018\/03\/roro-transport-services-4-1-845x684.jpg 845w\" sizes=\"(max-width: 495px) 100vw, 495px\" \/><\/a> <a href=\"https:\/\/www.transocean.lv\/wp-content\/uploads\/2018\/03\/roro-transport-services-3-1-1030x687.jpg\" href=\"1030\" href=\"687\" href=\"1\" data-srcset=\"https:\/\/www.transocean.lv\/wp-content\/uploads\/2018\/03\/roro-transport-services-3-1.jpg 1030w, https:\/\/www.transocean.lv\/wp-content\/uploads\/2018\/03\/roro-transport-services-3-1-300x200.jpg 300w, https:\/\/www.transocean.lv\/wp-content\/uploads\/2018\/03\/roro-transport-services-3-1-768x512.jpg 768w, https:\/\/www.transocean.lv\/wp-content\/uploads\/2018\/03\/roro-transport-services-3-1-705x470.jpg 705w\" data-sizes=\"(max-width: 1030px) 100vw, 1030px\" data-rel='gallery-1' data-prev-img='https:\/\/www.transocean.lv\/wp-content\/uploads\/2018\/03\/roro-transport-services-3-1.jpg' class='lightbox ' data-onclick='2' title='roro-transport-services-3'  itemprop=\"thumbnailUrl\"  ><img decoding=\"async\" class=\"wp-image-6206 avia-img-lazy-loading-not-6206\"   src=\"https:\/\/www.transocean.lv\/wp-content\/uploads\/2018\/03\/roro-transport-services-3-1-495x400.jpg\" width=\"495\" height=\"400\"  title='roro-transport-services-3' alt='' srcset=\"https:\/\/www.transocean.lv\/wp-content\/uploads\/2018\/03\/roro-transport-services-3-1-495x400.jpg 495w, https:\/\/www.transocean.lv\/wp-content\/uploads\/2018\/03\/roro-transport-services-3-1-845x684.jpg 845w\" sizes=\"(max-width: 495px) 100vw, 495px\" \/><\/a> <a href=\"https:\/\/www.transocean.lv\/wp-content\/uploads\/2018\/03\/roro-transport-services-2-1-1030x687.jpg\" href=\"1030\" href=\"687\" href=\"1\" data-srcset=\"https:\/\/www.transocean.lv\/wp-content\/uploads\/2018\/03\/roro-transport-services-2-1.jpg 1030w, https:\/\/www.transocean.lv\/wp-content\/uploads\/2018\/03\/roro-transport-services-2-1-300x200.jpg 300w, https:\/\/www.transocean.lv\/wp-content\/uploads\/2018\/03\/roro-transport-services-2-1-768x512.jpg 768w, https:\/\/www.transocean.lv\/wp-content\/uploads\/2018\/03\/roro-transport-services-2-1-705x470.jpg 705w\" data-sizes=\"(max-width: 1030px) 100vw, 1030px\" data-rel='gallery-1' data-prev-img='https:\/\/www.transocean.lv\/wp-content\/uploads\/2018\/03\/roro-transport-services-2-1.jpg' class='lightbox ' data-onclick='3' title='roro-transport-services-2'  itemprop=\"thumbnailUrl\"  ><img decoding=\"async\" class=\"wp-image-6208 avia-img-lazy-loading-not-6208\"   src=\"https:\/\/www.transocean.lv\/wp-content\/uploads\/2018\/03\/roro-transport-services-2-1-495x400.jpg\" width=\"495\" height=\"400\"  title='roro-transport-services-2' alt='' srcset=\"https:\/\/www.transocean.lv\/wp-content\/uploads\/2018\/03\/roro-transport-services-2-1-495x400.jpg 495w, https:\/\/www.transocean.lv\/wp-content\/uploads\/2018\/03\/roro-transport-services-2-1-845x684.jpg 845w\" sizes=\"(max-width: 495px) 100vw, 495px\" \/><\/a> <a href=\"https:\/\/www.transocean.lv\/wp-content\/uploads\/2018\/03\/roro-transport-services-1-1-1030x630.jpg\" href=\"1030\" href=\"630\" href=\"1\" data-srcset=\"https:\/\/www.transocean.lv\/wp-content\/uploads\/2018\/03\/roro-transport-services-1-1.jpg 1030w, https:\/\/www.transocean.lv\/wp-content\/uploads\/2018\/03\/roro-transport-services-1-1-300x183.jpg 300w, https:\/\/www.transocean.lv\/wp-content\/uploads\/2018\/03\/roro-transport-services-1-1-768x470.jpg 768w, https:\/\/www.transocean.lv\/wp-content\/uploads\/2018\/03\/roro-transport-services-1-1-705x431.jpg 705w\" data-sizes=\"(max-width: 1030px) 100vw, 1030px\" data-rel='gallery-1' data-prev-img='https:\/\/www.transocean.lv\/wp-content\/uploads\/2018\/03\/roro-transport-services-1-1.jpg' class='lightbox ' data-onclick='4' title='roro-transport-services-1'  itemprop=\"thumbnailUrl\"  ><img decoding=\"async\" class=\"wp-image-6210 avia-img-lazy-loading-not-6210\"   src=\"https:\/\/www.transocean.lv\/wp-content\/uploads\/2018\/03\/roro-transport-services-1-1-495x400.jpg\" width=\"495\" height=\"400\"  title='roro-transport-services-1' alt='' \/><\/a><\/div><\/div><\/div><\/p>\n<\/div><\/div><\/div><!-- close content main div --><\/div><\/div><div id='av_section_1'  class='avia-section main_color avia-section-large avia-no-shadow  avia-bg-style-scroll  avia-builder-el-6  el_after_av_one_half  avia-builder-el-last   container_wrap sidebar_right' style='background-color: #0c3b82;  '  ><div class='container' ><div class='template-page content  av-content-small alpha units'><div class='post-entry post-entry-type-page post-entry-6084'><div class='entry-content-wrapper clearfix'>\n<section class=\"av_textblock_section \"  itemscope=\"itemscope\" itemtype=\"https:\/\/schema.org\/CreativeWork\" ><div class='avia_textblock  av_inherit_color '  style='color:#ffffff; '  itemprop=\"text\" ><h1 style=\"text-align: center;\">S\u016bt\u012bt mums cenas piepras\u012bjums<\/h1>\n<p style=\"text-align: center !important;\">Aizpildiet \u0161\u0101d\u0101 \u012bs\u0101 form\u0101, un m\u016bsu speci\u0101lists sazin\u0101sies ar Jums, cik \u0101tri vien iesp\u0113jams, parasti 2 darba dienu laik\u0101. L\u016bdzu, aizpildiet visus nepiecie\u0161amos laukus, kas atz\u012bm\u0113ti ar (*)<\/p>\n<\/div><\/section>\n<div  class='avia-button-wrap avia-button-center  avia-builder-el-8  el_after_av_textblock  avia-builder-el-last ' ><a href='https:\/\/www.transocean.lv\/lv\/cenas-pieprasijums\/'  class='avia-button av-icon-on-hover avia-color-theme-color-subtle   avia-icon_select-yes-right-icon avia-size-x-large avia-position-center '   ><span class='avia_iconbox_title' >Aizpild\u012b\u0161anas piepras\u012bjuma piepras\u012bjuma veidlapa<\/span><span class='avia_button_icon avia_button_icon_right' aria-hidden='true' data-av_icon='\ue897' data-av_iconfont='entypo-fontello'><\/span><\/a><\/div>\n<\/div><\/div><\/div><!-- close content main div --><\/div><\/div><div id='after_section_1'  class='main_color av_default_container_wrap container_wrap sidebar_right' style=' '  ><div class='container' ><div class='template-page content  av-content-small alpha units'><div class='post-entry post-entry-type-page post-entry-6084'><div class='entry-content-wrapper clearfix'>\n","protected":false},"excerpt":{"rendered":"","protected":false},"author":1,"featured_media":0,"parent":6104,"menu_order":0,"comment_status":"closed","ping_status":"closed","template":"","meta":{"footnotes":""},"class_list":["post-6084","page","type-page","status-publish","hentry"],"_links":{"self":[{"href":"https:\/\/www.transocean.lv\/lv\/wp-json\/wp\/v2\/pages\/6084","targetHints":{"allow":["GET"]}}],"collection":[{"href":"https:\/\/www.transocean.lv\/lv\/wp-json\/wp\/v2\/pages"}],"about":[{"href":"https:\/\/www.transocean.lv\/lv\/wp-json\/wp\/v2\/types\/page"}],"author":[{"embeddable":true,"href":"https:\/\/www.transocean.lv\/lv\/wp-json\/wp\/v2\/users\/1"}],"replies":[{"embeddable":true,"href":"https:\/\/www.transocean.lv\/lv\/wp-json\/wp\/v2\/comments?post=6084"}],"version-history":[{"count":4,"href":"https:\/\/www.transocean.lv\/lv\/wp-json\/wp\/v2\/pages\/6084\/revisions"}],"predecessor-version":[{"id":6791,"href":"https:\/\/www.transocean.lv\/lv\/wp-json\/wp\/v2\/pages\/6084\/revisions\/6791"}],"up":[{"embeddable":true,"href":"https:\/\/www.transocean.lv\/lv\/wp-json\/wp\/v2\/pages\/6104"}],"wp:attachment":[{"href":"https:\/\/www.transocean.lv\/lv\/wp-json\/wp\/v2\/media?parent=6084"}],"curies":[{"name":"wp","href":"https:\/\/api.w.org\/{rel}","templated":true}]}}