{"id":6092,"date":"2018-03-31T11:35:37","date_gmt":"2018-03-31T11:35:37","guid":{"rendered":"http:\/\/www.transocean.lv\/new\/about-us\/"},"modified":"2025-12-29T07:11:43","modified_gmt":"2025-12-29T07:11:43","slug":"par-mums","status":"publish","type":"page","link":"https:\/\/www.transocean.lv\/lv\/par-mums\/","title":{"rendered":"Par mums"},"content":{"rendered":"<div class=\"flex_column av_two_third  flex_column_div av-zero-column-padding first  avia-builder-el-0  el_before_av_one_third  avia-builder-el-first  \" style='border-radius:0px; '><section class=\"av_textblock_section \"  itemscope=\"itemscope\" itemtype=\"https:\/\/schema.org\/CreativeWork\" ><div class='avia_textblock  '   itemprop=\"text\" ><h1>Par Transocean<\/h1>\n<p>Transocean uz\u0146\u0113mums tika dibin\u0101ts 1993. gada 12. febru\u0101r\u012b, lai apkalpotu eksporta un importa tirgus, ne tikai Igaunija, bet ar\u012b t\u0101s kaimi\u0146u valst\u012bs Latvij\u0101 un Lietuv\u0101. Transocean ir ieguvis ties\u012bbas p\u0101rst\u0101v\u0113t starptautiski paz\u012bstamas un uzticamas dzi\u013cj\u016bras ku\u0123niec\u012bbas l\u012bnijas \u2013 Ocean Network Express Ltd. (ONE Line) un ACL Atlantic Container Line.<\/p>\n<p>Transocean t\u0101dej\u0101di var pied\u0101v\u0101t konkur\u0113tsp\u0113j\u012bgu un dro\u0161u j\u016bras kravu transportu uz daudziem pasaules re\u0123ioniem, piem\u0113ram, Austrumu un Rietumu krastu Zieme\u013camerik\u0101, Dienvidaustrum\u0101ziju, Ar\u0101bu valst\u012bm, T\u0101lajiem Austrumiem un daudziem citiem pasaules punktiem. Pie tam, apliecinot m\u016bsu augsto kvalifik\u0101ciju, Transocean ar\u012b nodro\u0161ina a\u0123ent\u0113\u0161anas pakalpojumus ASV flotes karaku\u0123iem.<\/p>\n<h3>K\u0101p\u0113c izv\u0113l\u0113ties Transocean?<\/h3>\n<p>Klientu pras\u012bbas, k\u0101 ar\u012b ku\u0123niec\u012bbas l\u012bniju pied\u0101v\u0101t\u0101 p\u0101rvad\u0101jumu kvalit\u0101te, ir iev\u0113rojami augusi. Transocean vienm\u0113r ir izv\u0113l\u0113jies p\u0101rst\u0101v\u0113t tikai t\u0101das ku\u0123niec\u012bbas l\u012bnijas, kuru tehnisk\u0101s un pakalpojumu kvalit\u0101tes \u012bpa\u0161\u012bbas ir uzticamas un m\u016bsdien\u012bgas, t\u0101d\u0113j\u0101di t\u0101s var pied\u0101v\u0101t klientiem, eksport\u0113t\u0101jiem un import\u0113t\u0101jiem, k\u0101 augst\u0101k\u0101s kvalit\u0101tes transporta pakalpojumus.<\/p>\n<p>Transocean person\u0101ls ir \u013coti pieredz\u0113jis un profesion\u0101li augsti kvalific\u0113ts. Zin\u0101\u0161anu l\u012bmenis tiek past\u0101v\u012bgi att\u012bst\u012bts un papildin\u0101ts, pateicoties regul\u0101ri r\u012bkotajiem apm\u0101c\u012bbas kursiem un semin\u0101riem, kurus organiz\u0113 pats uz\u0146\u0113mums vai to p\u0101rst\u0101v\u0113t\u0101s l\u012bnijas.<\/p>\n<\/div><\/section><\/div>\n<div class=\"flex_column av_one_third  flex_column_div av-zero-column-padding   avia-builder-el-2  el_after_av_two_third  el_before_av_section  avia-builder-el-last  \" style='border-radius:0px; '><p><div  class='avia-image-container avia_animated_image avia_animate_when_almost_visible pop-up av-styling-no-styling av-hover-grow   avia-builder-el-3  el_before_av_textblock  avia-builder-el-first  avia-align-center '  itemprop=\"image\" itemscope=\"itemscope\" itemtype=\"https:\/\/schema.org\/ImageObject\"  ><div class='avia-image-container-inner'><div class='avia-image-overlay-wrap'><a href=\"https:\/\/goo.gl\/maps\/LVdyWPqRR152\" class='avia_image' target=\"_blank\" rel=\"noopener noreferrer\"><img decoding=\"async\" width=\"777\" height=\"564\" class='wp-image-6057 avia-img-lazy-loading-not-6057 avia_image' src=\"https:\/\/www.transocean.lv\/wp-content\/uploads\/2018\/04\/transocean-office-lv.jpg\" alt='' title='transocean-office-lv'  itemprop=\"thumbnailUrl\" srcset=\"https:\/\/www.transocean.lv\/wp-content\/uploads\/2018\/04\/transocean-office-lv.jpg 777w, https:\/\/www.transocean.lv\/wp-content\/uploads\/2018\/04\/transocean-office-lv-300x218.jpg 300w, https:\/\/www.transocean.lv\/wp-content\/uploads\/2018\/04\/transocean-office-lv-768x557.jpg 768w, https:\/\/www.transocean.lv\/wp-content\/uploads\/2018\/04\/transocean-office-lv-705x512.jpg 705w\" sizes=\"(max-width: 777px) 100vw, 777px\" \/><\/a><\/div><\/div><\/div><br \/>\n<section class=\"av_textblock_section \"  itemscope=\"itemscope\" itemtype=\"https:\/\/schema.org\/CreativeWork\" ><div class='avia_textblock  '   itemprop=\"text\" ><p><a href=\"https:\/\/goo.gl\/maps\/LVdyWPqRR152\" target=\"_blank\" rel=\"noopener\">IELAS SKATS<\/a> | <a href=\"https:\/\/goo.gl\/maps\/UegPJboeXML2\" target=\"_blank\" rel=\"noopener\">LIELA VIEDOKLIS<\/a><\/p>\n<\/div><\/section><br \/>\n<section class=\"av_textblock_section \"  itemscope=\"itemscope\" itemtype=\"https:\/\/schema.org\/CreativeWork\" ><div class='avia_textblock  '   itemprop=\"text\" ><p><strong>Transocean Latvia SIA<\/strong><br \/>\nDuntes iela 23a, Riga, LV-1005<br \/>\nTel.: +371 67 381 522<br \/>\ntransocean@transocean.lv<\/p>\n<p><strong>Inform\u0101cija<\/strong><br \/>\nPar likmju piepras\u012bjumiem, izmantojiet e-pastu:<br \/>\nsales@transocean.lv<\/p>\n<\/div><\/section><\/p><\/div><\/div><\/div><\/div><!-- close content main div --><\/div><\/div><div id='av_section_1'  class='avia-section main_color avia-section-large avia-no-shadow  avia-bg-style-scroll  avia-builder-el-6  el_after_av_one_third  el_before_av_section   container_wrap sidebar_right' style='background-color: #f5f5f5;  '  ><div class='container' ><div class='template-page content  av-content-small alpha units'><div class='post-entry post-entry-type-page post-entry-6092'><div class='entry-content-wrapper clearfix'>\n<div class='flex_column_table av-equal-height-column-flextable -flextable' ><div class=\"flex_column av_one_half  av-animated-generic bottom-to-top  flex_column_table_cell av-equal-height-column av-align-top first  avia-builder-el-7  el_before_av_one_half  avia-builder-el-first  \" style='border-width:1px; border-color:#e1e1e1; border-style:solid; padding:14px; background-color:#f7f7f7; border-radius:0px; '><section class=\"av_textblock_section \"  itemscope=\"itemscope\" itemtype=\"https:\/\/schema.org\/CreativeWork\" ><div class='avia_textblock  '   itemprop=\"text\" ><h3>V\u012bzija<\/h3>\n<p>To be the first choice of customers for container shipping and logistics services in Baltic Region.<\/p>\n<\/div><\/section><\/div><div class='av-flex-placeholder'><\/div><div class=\"flex_column av_one_half  av-animated-generic top-to-bottom  flex_column_table_cell av-equal-height-column av-align-top   avia-builder-el-9  el_after_av_one_half  avia-builder-el-last  \" style='border-width:1px; border-color:#e1e1e1; border-style:solid; padding:14px; background-color:#f7f7f7; border-radius:0px; '><section class=\"av_textblock_section \"  itemscope=\"itemscope\" itemtype=\"https:\/\/schema.org\/CreativeWork\" ><div class='avia_textblock  '   itemprop=\"text\" ><h3>Misija<\/h3>\n<p>To provide reliable and quality logistics service in global shipping market.<\/p>\n<\/div><\/section><\/div><\/div><!--close column table wrapper. Autoclose: 1 -->\n<\/p>\n<\/div><\/div><\/div><!-- close content main div --><\/div><\/div><div id='av_section_2'  class='avia-section main_color avia-section-large avia-no-shadow  avia-full-stretch av-parallax-section av-section-color-overlay-active avia-bg-style-parallax  avia-builder-el-11  el_after_av_section  el_before_av_section   container_wrap sidebar_right' style=' '  data-section-bg-repeat='stretch'><div class='av-parallax' data-avia-parallax-ratio='0.3' ><div class='av-parallax-inner main_color  avia-full-stretch' style = 'background-repeat: no-repeat; background-image: url(https:\/\/www.transocean.lv\/wp-content\/uploads\/2018\/03\/transocean-world-wide-logistics-1.jpg);background-attachment: scroll; background-position: center center; ' ><\/div><\/div><div class='av-section-color-overlay-wrap'><div class='av-section-color-overlay' style='opacity: 0.5; background-color: #0a0a0a; '><\/div><div class='container' ><div class='template-page content  av-content-small alpha units'><div class='post-entry post-entry-type-page post-entry-6092'><div class='entry-content-wrapper clearfix'>\n<div class=\"flex_column av_one_half  flex_column_div av-zero-column-padding first  avia-builder-el-12  el_before_av_one_half  avia-builder-el-first  \" style='border-radius:0px; '><section class=\"av_textblock_section \"  itemscope=\"itemscope\" itemtype=\"https:\/\/schema.org\/CreativeWork\" ><div class='avia_textblock  av_inherit_color '  style='color:#ffffff; '  itemprop=\"text\" ><h1>Dal\u012bba organiz\u0101cij\u0101s<\/h1>\n<p><a href=\"http:\/\/www.koda.ee\/en\">Estonian Chamber of Commerce and Industry<\/a><br \/>\n<a href=\"http:\/\/www.atlas-network.com\/launch.cfm\">Atlas International Network<\/a><br \/>\n<a href=\"http:\/\/wcaworld.com\/eng\/home.asp\">WCA Network<\/a><br \/>\n<a href=\"http:\/\/www.wcaprojects.com\/eng\/home.asp\">WCA Projects Network<\/a><br \/>\n<a href=\"http:\/\/www.ffnetwork.info\/\">FFN Freight Forwarder Network<\/a><br \/>\n<a href=\"http:\/\/www.jctrans.net\/\">JCtrans<\/a><br \/>\n<a href=\"https:\/\/www.pl-alliance.com\/\" target=\"_blank\" rel=\"noopener\">Project Logistics Alliance<\/a><\/p>\n<\/div><\/section><\/div><div class=\"flex_column av_one_half  flex_column_div av-zero-column-padding   avia-builder-el-14  el_after_av_one_half  avia-builder-el-last  \" style='border-radius:0px; '><div   data-autoplay='false'  data-interval='5'  data-animation='slide'  class='avia-logo-element-container av-border-deactivate avia-logo-grid avia-content-slider avia-smallarrow-slider avia-content-grid-active noHover avia-content-slider1 avia-content-slider-even  avia-builder-el-15  avia-builder-el-no-sibling  ' ><div class='avia-smallarrow-slider-heading  no-logo-slider-navigation  no-logo-slider-heading '><\/div><div class='avia-content-slider-inner'><div class='slide-entry-wrap' ><div  class='slide-entry flex_column no_margin post-entry slide-entry-overview slide-loop-1 slide-parity-odd  av_one_half first real-thumbnail'><span class='av-partner-fake-img' style='padding-bottom:26%; background-image:url(https:\/\/www.transocean.lv\/wp-content\/uploads\/2018\/03\/atlas-international-network-1.jpg);'><\/span><\/div><div  class='slide-entry flex_column no_margin post-entry slide-entry-overview slide-loop-2 slide-parity-even  av_one_half  real-thumbnail'><span class='av-partner-fake-img' style='padding-bottom:26%; background-image:url(https:\/\/www.transocean.lv\/wp-content\/uploads\/2018\/03\/wca-projects-network-1.jpg);'><\/span><\/div><\/div><div class='slide-entry-wrap' ><div  class='slide-entry flex_column no_margin post-entry slide-entry-overview slide-loop-3 slide-parity-odd  av_one_half first real-thumbnail'><span class='av-partner-fake-img' style='padding-bottom:26%; background-image:url(https:\/\/www.transocean.lv\/wp-content\/uploads\/2018\/03\/wca-projects-1.jpg);'><\/span><\/div><div  class='slide-entry flex_column no_margin post-entry slide-entry-overview slide-loop-4 slide-parity-even  av_one_half  real-thumbnail'><span class='av-partner-fake-img' style='padding-bottom:26%; background-image:url(https:\/\/www.transocean.lv\/wp-content\/uploads\/2018\/03\/jctrans-organization-1.jpg);'><\/span><\/div><\/div><div class='slide-entry-wrap' ><div  class='slide-entry flex_column no_margin post-entry slide-entry-overview slide-loop-5 slide-parity-odd  av_one_half first real-thumbnail'><span class='av-partner-fake-img' style='padding-bottom:26%; background-image:url(https:\/\/www.transocean.lv\/wp-content\/uploads\/2018\/03\/ffnetwork-1.jpg);'><\/span><\/div><div  class='slide-entry flex_column no_margin post-entry slide-entry-overview slide-loop-6 slide-parity-even  av_one_half  real-thumbnail'><span class='av-partner-fake-img' style='padding-bottom:26%; background-image:url(https:\/\/www.transocean.lv\/wp-content\/uploads\/2018\/04\/atlas-representad-line.jpg);'><\/span><\/div><\/div><div class='slide-entry-wrap' ><div  class='slide-entry flex_column no_margin post-entry slide-entry-overview slide-loop-7 slide-parity-odd  post-entry-last  av_one_half first real-thumbnail'><a href=\"https:\/\/www.pl-alliance.com\/\" data-rel='slide-1' class='slide-image' title='' target=\"_blank\" rel=\"noopener noreferrer\"><span class='av-partner-fake-img' style='padding-bottom:26%; background-image:url(https:\/\/www.transocean.lv\/wp-content\/uploads\/2019\/10\/project-logistics-alliance.jpg);'><\/span><\/a><\/div><\/div><\/div><\/div><\/div>\n\n<\/div><\/div><\/div><!-- close content main div --><\/div><\/div><\/div><div id='av_section_3'  class='avia-section main_color avia-section-large avia-no-shadow  avia-bg-style-scroll  avia-builder-el-16  el_after_av_section  avia-builder-el-last   container_wrap sidebar_right' style='background-color: #f5f5f5;  '  ><div class='container' ><div class='template-page content  av-content-small alpha units'><div class='post-entry post-entry-type-page post-entry-6092'><div class='entry-content-wrapper clearfix'>\n<section class=\"av_textblock_section \"  itemscope=\"itemscope\" itemtype=\"https:\/\/schema.org\/CreativeWork\" ><div class='avia_textblock  '   itemprop=\"text\" ><h1 style=\"text-align: center;\">L\u012bniju p\u0101rst\u0101vniec\u012bbas<\/h1>\n<p style=\"text-align: center !important;\">Transocean p\u0101rst\u0101v sekojo\u0161as ku\u0123niec\u012bbas l\u012bnijas: NYK Line, NYK Ro-RO, NYK Logistics, Atlantic Container Cargo. \u0160eit J\u016bs varat apmekl\u0113t \u0161o uz\u0146\u0113mumu ofici\u0101l\u0101s interneta lapas, noklik\u0161\u0137inot uz zem\u0101k redzamajiem logotipiem.<\/p>\n<\/div><\/section>\n<div   data-autoplay='false'  data-interval='5'  data-animation='slide'  class='avia-logo-element-container av-border-deactivate avia-logo-slider avia-content-slider avia-smallarrow-slider avia-content-slider-active noHover avia-content-slider2 avia-content-slider-odd  avia-builder-el-18  el_after_av_textblock  avia-builder-el-last  ' ><div class='avia-smallarrow-slider-heading  no-logo-slider-navigation  no-logo-slider-heading '><\/div><div class='avia-content-slider-inner'><div class='slide-entry-wrap' ><div  class='slide-entry flex_column no_margin post-entry slide-entry-overview slide-loop-1 slide-parity-odd  av_one_fifth first real-thumbnail'><span class='av-partner-fake-img' style='padding-bottom:50%; background-image:url(https:\/\/www.transocean.lv\/wp-content\/uploads\/2018\/03\/one-logo-1.jpg);'><\/span><\/div><div  class='slide-entry flex_column no_margin post-entry slide-entry-overview slide-loop-2 slide-parity-even  av_one_fifth  real-thumbnail'><span class='av-partner-fake-img' style='padding-bottom:50%; background-image:url(https:\/\/www.transocean.lv\/wp-content\/uploads\/2018\/03\/atlantic-cargo-line-logo-1.jpg);'><\/span><\/div><div  class='slide-entry flex_column no_margin post-entry slide-entry-overview slide-loop-3 slide-parity-odd  av_one_fifth  real-thumbnail'><a href=\"http:\/\/www.nykroro.com\/\" data-rel='slide-2' class='slide-image' title='' target=\"_blank\" rel=\"noopener noreferrer\"><span class='av-partner-fake-img' style='padding-bottom:50%; background-image:url(https:\/\/www.transocean.lv\/wp-content\/uploads\/2018\/04\/nyk-line-logo.jpg);'><\/span><\/a><\/div><div  class='slide-entry flex_column no_margin post-entry slide-entry-overview slide-loop-4 slide-parity-even  post-entry-last  av_one_fifth  real-thumbnail'><a href=\"http:\/\/www.ffnetwork.info\/\" data-rel='slide-2' class='slide-image' title='' target=\"_blank\" rel=\"noopener noreferrer\"><span class='av-partner-fake-img' style='padding-bottom:50%; background-image:url(https:\/\/www.transocean.lv\/wp-content\/uploads\/2018\/04\/ffnetwork-logo.jpg);'><\/span><\/a><\/div><\/div><\/div><\/div>\n<\/div><\/div><\/div><!-- close content main div --><\/div><\/div><div id='after_section_3'  class='main_color av_default_container_wrap container_wrap sidebar_right' style=' '  ><div class='container' ><div class='template-page content  av-content-small alpha units'><div class='post-entry post-entry-type-page post-entry-6092'><div class='entry-content-wrapper clearfix'>\n","protected":false},"excerpt":{"rendered":"","protected":false},"author":1,"featured_media":0,"parent":0,"menu_order":0,"comment_status":"closed","ping_status":"closed","template":"","meta":{"footnotes":""},"class_list":["post-6092","page","type-page","status-publish","hentry"],"_links":{"self":[{"href":"https:\/\/www.transocean.lv\/lv\/wp-json\/wp\/v2\/pages\/6092","targetHints":{"allow":["GET"]}}],"collection":[{"href":"https:\/\/www.transocean.lv\/lv\/wp-json\/wp\/v2\/pages"}],"about":[{"href":"https:\/\/www.transocean.lv\/lv\/wp-json\/wp\/v2\/types\/page"}],"author":[{"embeddable":true,"href":"https:\/\/www.transocean.lv\/lv\/wp-json\/wp\/v2\/users\/1"}],"replies":[{"embeddable":true,"href":"https:\/\/www.transocean.lv\/lv\/wp-json\/wp\/v2\/comments?post=6092"}],"version-history":[{"count":15,"href":"https:\/\/www.transocean.lv\/lv\/wp-json\/wp\/v2\/pages\/6092\/revisions"}],"predecessor-version":[{"id":6843,"href":"https:\/\/www.transocean.lv\/lv\/wp-json\/wp\/v2\/pages\/6092\/revisions\/6843"}],"wp:attachment":[{"href":"https:\/\/www.transocean.lv\/lv\/wp-json\/wp\/v2\/media?parent=6092"}],"curies":[{"name":"wp","href":"https:\/\/api.w.org\/{rel}","templated":true}]}}