{"id":6102,"date":"2018-03-31T16:52:59","date_gmt":"2018-03-31T16:52:59","guid":{"rendered":"http:\/\/www.transocean.lv\/new\/rate-request\/"},"modified":"2025-12-29T07:09:18","modified_gmt":"2025-12-29T07:09:18","slug":"cenas-pieprasijums","status":"publish","type":"page","link":"https:\/\/www.transocean.lv\/lv\/cenas-pieprasijums\/","title":{"rendered":"Cenas piepras\u012bjums"},"content":{"rendered":"<div class=\"flex_column av_two_third  flex_column_div av-zero-column-padding first  avia-builder-el-0  el_before_av_one_third  avia-builder-el-first  \" style='border-radius:0px; '><section class=\"av_textblock_section \"  itemscope=\"itemscope\" itemtype=\"https:\/\/schema.org\/CreativeWork\" ><div class='avia_textblock  '   itemprop=\"text\" ><h1>S\u016bt\u012bt mums cenas piepras\u012bjums<\/h1>\n<p>Aizpildiet \u0161\u0101d\u0101 \u012bs\u0101 form\u0101, un m\u016bsu speci\u0101lists sazin\u0101sies ar Jums, cik \u0101tri vien iesp\u0113jams, parasti 2 darba dienu laik\u0101. L\u016bdzu, aizpildiet visus nepiecie\u0161amos laukus, kas atz\u012bm\u0113ti ar (*)<\/p>\n<\/div><\/section><br \/>\n<form action=\"https:\/\/www.transocean.lv\/lv\/cenas-pieprasijums\/\" method=\"post\"  class=\"avia_ajax_form av-form-labels-visible   avia-builder-el-2  el_after_av_textblock  avia-builder-el-last   \" data-avia-form-id=\"1\" data-avia-redirect='' ><fieldset><p class='  first_form  form_element form_element_half' id='element_avia_1_1'><label for=\"avia_1_1\">Pilnais v\u0101rds <abbr class=\"required\" title=\"required\">*<\/abbr><\/label> <input name=\"avia_1_1\" class=\"text_input is_empty\" type=\"text\" id=\"avia_1_1\" value=\"\" \/><\/p><p class='  form_element form_element_half' id='element_avia_2_1'><label for=\"avia_2_1\">Komp\u0101nijas nosaukums <abbr class=\"required\" title=\"required\">*<\/abbr><\/label> <input name=\"avia_2_1\" class=\"text_input is_empty\" type=\"text\" id=\"avia_2_1\" value=\"\" \/><\/p><p class='  first_form  form_element form_element_half' id='element_avia_3_1'><label for=\"avia_3_1\">Adrese<\/label> <input name=\"avia_3_1\" class=\"text_input \" type=\"text\" id=\"avia_3_1\" value=\"\" \/><\/p><p class='  form_element form_element_half' id='element_avia_4_1'><label for=\"avia_4_1\">T\u0101lrunis <abbr class=\"required\" title=\"required\">*<\/abbr><\/label> <input name=\"avia_4_1\" class=\"text_input is_empty\" type=\"text\" id=\"avia_4_1\" value=\"\" \/><\/p><p class='  first_form  form_element form_element_half' id='element_avia_5_1'><label for=\"avia_5_1\">Fakss<\/label> <input name=\"avia_5_1\" class=\"text_input \" type=\"text\" id=\"avia_5_1\" value=\"\" \/><\/p><p class='  form_element form_element_half' id='element_avia_6_1'><label for=\"avia_6_1\">E-pasts <abbr class=\"required\" title=\"required\">*<\/abbr><\/label> <input name=\"avia_6_1\" class=\"text_input is_email\" type=\"text\" id=\"avia_6_1\" value=\"\" \/><\/p><p class='  first_form  form_element form_element_half' id='element_avia_7_1'><label for=\"avia_7_1\">Pikaps vieta (pils\u0113ta un vieta) <abbr class=\"required\" title=\"required\">*<\/abbr><\/label> <input name=\"avia_7_1\" class=\"text_input is_empty\" type=\"text\" id=\"avia_7_1\" value=\"\" \/><\/p><p class='  form_element form_element_half' id='element_avia_8_1'><label for=\"avia_8_1\">Gala galam\u0113r\u0137is (pils\u0113ta un vieta) <abbr class=\"required\" title=\"required\">*<\/abbr><\/label> <input name=\"avia_8_1\" class=\"text_input is_empty\" type=\"text\" id=\"avia_8_1\" value=\"\" \/><\/p><p class='  first_form  form_element form_element_half' id='element_avia_9_1'><label for=\"avia_9_1\">Preces nosaukums <abbr class=\"required\" title=\"required\">*<\/abbr><\/label> <input name=\"avia_9_1\" class=\"text_input is_empty\" type=\"text\" id=\"avia_9_1\" value=\"\" \/><\/p><p class=' form_element form_element_half' id='element_avia_10_1'><label for=\"avia_10_1\">Iel\u0101des datums <abbr class=\"required\" title=\"required\">*<\/abbr><\/label> <input name=\"avia_10_1\" class=\"avia_datepicker text_input is_empty\" type=\"text\" id=\"avia_10_1\" value=\"\" placeholder=\"DD \/ MM \/ YY\" \/><\/p><p class='  first_form  form_element form_fullwidth' id='element_avia_11_1'><label for=\"avia_11_1\" class=\"textare_label hidden textare_label_avia_11_1\">Nov\u0113rt\u0113jiet ideju \/ koment\u0101rus<\/label><textarea  name=\"avia_11_1\" class=\"text_area \" cols=\"40\" rows=\"7\" id=\"avia_11_1\" ><\/textarea><\/p><p class=\"hidden\"><input type=\"text\" name=\"avia_12_1\" class=\"hidden \" id=\"avia_12_1\" value=\"\" \/><\/p><p class='   form_element form_fullwidth' id='element_avia_13_1'><span class='value_verifier_label'>3 + 4 = ?<\/span><input name=\"avia_13_1_verifier\" type=\"hidden\" id=\"avia_13_1_verifier\" value=\"578737661\"\/><label for=\"avia_13_1\">Please prove that you are human by solving the equation <abbr class=\"required\" title=\"required\">*<\/abbr><\/label><input name=\"avia_13_1\" class=\"text_input captcha\" type=\"text\" id=\"avia_13_1\" value=\"\"\/><\/p><p class=\"form_element \"><input type=\"hidden\" value=\"1\" name=\"avia_generated_form1\" \/><input type=\"submit\" value=\"IESNIEDZ PIEPRAS\u012aJUMU\" class=\"button\"  data-sending-label=\"Sending\"\/><\/p><\/fieldset><\/form><div id=\"ajaxresponse_1\" class=\"ajaxresponse ajaxresponse_1 hidden\"><\/div><\/p><\/div>\n<div class=\"flex_column av_one_third  flex_column_div av-zero-column-padding   avia-builder-el-3  el_after_av_two_third  avia-builder-el-last  \" style='border-radius:0px; '><p><div  class='avia-image-container avia_animated_image avia_animate_when_almost_visible pop-up av-styling-no-styling av-hover-grow   avia-builder-el-4  el_before_av_textblock  avia-builder-el-first  avia-align-center '  itemprop=\"image\" itemscope=\"itemscope\" itemtype=\"https:\/\/schema.org\/ImageObject\"  ><div class='avia-image-container-inner'><div class='avia-image-overlay-wrap'><a href=\"https:\/\/goo.gl\/maps\/LVdyWPqRR152\" class='avia_image' target=\"_blank\" rel=\"noopener noreferrer\"><img decoding=\"async\" width=\"777\" height=\"564\" class='wp-image-6057 avia-img-lazy-loading-not-6057 avia_image' src=\"https:\/\/www.transocean.lv\/wp-content\/uploads\/2018\/04\/transocean-office-lv.jpg\" alt='' title='transocean-office-lv'  itemprop=\"thumbnailUrl\" srcset=\"https:\/\/www.transocean.lv\/wp-content\/uploads\/2018\/04\/transocean-office-lv.jpg 777w, https:\/\/www.transocean.lv\/wp-content\/uploads\/2018\/04\/transocean-office-lv-300x218.jpg 300w, https:\/\/www.transocean.lv\/wp-content\/uploads\/2018\/04\/transocean-office-lv-768x557.jpg 768w, https:\/\/www.transocean.lv\/wp-content\/uploads\/2018\/04\/transocean-office-lv-705x512.jpg 705w\" sizes=\"(max-width: 777px) 100vw, 777px\" \/><\/a><\/div><\/div><\/div><br \/>\n<section class=\"av_textblock_section \"  itemscope=\"itemscope\" itemtype=\"https:\/\/schema.org\/CreativeWork\" ><div class='avia_textblock  '   itemprop=\"text\" ><p><a href=\"https:\/\/goo.gl\/maps\/LVdyWPqRR152\" target=\"_blank\" rel=\"noopener\">IELAS SKATS<\/a> | <a href=\"https:\/\/goo.gl\/maps\/UegPJboeXML2\" target=\"_blank\" rel=\"noopener\">LIELA VIEDOKLIS<\/a><\/p>\n<\/div><\/section><br \/>\n<section class=\"av_textblock_section \"  itemscope=\"itemscope\" itemtype=\"https:\/\/schema.org\/CreativeWork\" ><div class='avia_textblock  '   itemprop=\"text\" ><p><strong>Transocean Latvia SIA<\/strong><br \/>\nTel: +371 67 381 522<br \/>\ntransocean@transocean.lv<\/p>\n<\/div><\/section><\/p><\/div>\n","protected":false},"excerpt":{"rendered":"","protected":false},"author":1,"featured_media":0,"parent":0,"menu_order":0,"comment_status":"closed","ping_status":"closed","template":"","meta":{"footnotes":""},"class_list":["post-6102","page","type-page","status-publish","hentry"],"_links":{"self":[{"href":"https:\/\/www.transocean.lv\/lv\/wp-json\/wp\/v2\/pages\/6102","targetHints":{"allow":["GET"]}}],"collection":[{"href":"https:\/\/www.transocean.lv\/lv\/wp-json\/wp\/v2\/pages"}],"about":[{"href":"https:\/\/www.transocean.lv\/lv\/wp-json\/wp\/v2\/types\/page"}],"author":[{"embeddable":true,"href":"https:\/\/www.transocean.lv\/lv\/wp-json\/wp\/v2\/users\/1"}],"replies":[{"embeddable":true,"href":"https:\/\/www.transocean.lv\/lv\/wp-json\/wp\/v2\/comments?post=6102"}],"version-history":[{"count":5,"href":"https:\/\/www.transocean.lv\/lv\/wp-json\/wp\/v2\/pages\/6102\/revisions"}],"predecessor-version":[{"id":6836,"href":"https:\/\/www.transocean.lv\/lv\/wp-json\/wp\/v2\/pages\/6102\/revisions\/6836"}],"wp:attachment":[{"href":"https:\/\/www.transocean.lv\/lv\/wp-json\/wp\/v2\/media?parent=6102"}],"curies":[{"name":"wp","href":"https:\/\/api.w.org\/{rel}","templated":true}]}}