{"id":6119,"date":"2018-03-31T16:17:46","date_gmt":"2018-03-31T16:17:46","guid":{"rendered":"http:\/\/www.transocean.lv\/new\/services\/railway-transport-services\/"},"modified":"2023-04-04T19:43:30","modified_gmt":"2023-04-04T19:43:30","slug":"dzelzcela-transports","status":"publish","type":"page","link":"https:\/\/www.transocean.lv\/lv\/musu-pakalpojumi\/dzelzcela-transports\/","title":{"rendered":"Dzelzce\u013ca transports"},"content":{"rendered":"<div class=\"flex_column av_one_half  flex_column_div av-zero-column-padding first  avia-builder-el-0  el_before_av_one_half  avia-builder-el-first  \" style='border-radius:0px; '><section class=\"av_textblock_section \"  itemscope=\"itemscope\" itemtype=\"https:\/\/schema.org\/CreativeWork\" ><div class='avia_textblock  '   itemprop=\"text\" ><h1>Dzelzce\u013ca transports<\/h1>\n<ul>\n<li>Dzelzce\u013ca transports Baltijas valst\u012bs un Vidus\u0101zij\u0101.<\/li>\n<li>Dzelzce\u013ca konteineru transports.<\/li>\n<li>Dokument\u0101cija.<\/li>\n<li>Kravu p\u0101rkrau\u0161ana.<\/li>\n<li>Projekta kravu dzelzce\u013ca transports.<\/li>\n<\/ul>\n<\/div><\/section><br \/>\n<div  class='avia-button-wrap avia-button-left  avia-builder-el-2  el_after_av_textblock  el_before_av_button ' ><a href='mailto:mailto:transcoean@transcoean.lv'  class='avia-button av-icon-on-hover avia-color-theme-color   avia-icon_select-yes-left-icon avia-size-medium avia-position-left '   ><span class='avia_button_icon avia_button_icon_left ' aria-hidden='true' data-av_icon='\ue8b7' data-av_iconfont='entypo-fontello'><\/span><span class='avia_iconbox_title' >transcoean@transcoean.lv<\/span><\/a><\/div><br \/>\n<div  class='avia-button-wrap avia-button-right  avia-builder-el-3  el_after_av_button  avia-builder-el-last ' ><a href='call:+37167381522'  class='avia-button av-icon-on-hover avia-color-theme-color   avia-icon_select-yes-left-icon avia-size-medium avia-position-right '   ><span class='avia_button_icon avia_button_icon_left ' aria-hidden='true' data-av_icon='\ue854' data-av_iconfont='entypo-fontello'><\/span><span class='avia_iconbox_title' >+371 67 381 522<\/span><\/a><\/div><\/p><\/div><div class=\"flex_column av_one_half  flex_column_div av-zero-column-padding   avia-builder-el-4  el_after_av_one_half  el_before_av_section  avia-builder-el-last  \" style='border-radius:0px; '><div  class='avia-gallery  avia-gallery-1 avia_lazyload avia-gallery-animate avia_animate_when_visible  avia-builder-el-5  avia-builder-el-no-sibling '  itemprop=\"image\" itemscope=\"itemscope\" itemtype=\"https:\/\/schema.org\/ImageObject\" ><a class='avia-gallery-big fakeLightbox lightbox avia-gallery-big-crop-thumb ' href=\"https:\/\/www.transocean.lv\/wp-content\/uploads\/2018\/03\/railway-transport-services-4-1-1030x687.jpg\" href=\"1030\" href=\"687\" href=\"1\" data-srcset=\"https:\/\/www.transocean.lv\/wp-content\/uploads\/2018\/03\/railway-transport-services-4-1.jpg 1030w, https:\/\/www.transocean.lv\/wp-content\/uploads\/2018\/03\/railway-transport-services-4-1-300x200.jpg 300w, https:\/\/www.transocean.lv\/wp-content\/uploads\/2018\/03\/railway-transport-services-4-1-768x512.jpg 768w, https:\/\/www.transocean.lv\/wp-content\/uploads\/2018\/03\/railway-transport-services-4-1-705x470.jpg 705w\" data-sizes=\"(max-width: 1030px) 100vw, 1030px\"  data-onclick='1' title='railway-transport-services-4' ><span class='avia-gallery-big-inner'  itemprop=\"thumbnailUrl\" ><img decoding=\"async\" class=\"wp-image-6120 avia-img-lazy-loading-not-6120\"  width=\"1030\" height=\"687\" src=\"https:\/\/www.transocean.lv\/wp-content\/uploads\/2018\/03\/railway-transport-services-4-1.jpg\" title='railway-transport-services-4' alt='' srcset=\"https:\/\/www.transocean.lv\/wp-content\/uploads\/2018\/03\/railway-transport-services-4-1.jpg 1030w, https:\/\/www.transocean.lv\/wp-content\/uploads\/2018\/03\/railway-transport-services-4-1-300x200.jpg 300w, https:\/\/www.transocean.lv\/wp-content\/uploads\/2018\/03\/railway-transport-services-4-1-768x512.jpg 768w, https:\/\/www.transocean.lv\/wp-content\/uploads\/2018\/03\/railway-transport-services-4-1-705x470.jpg 705w\" sizes=\"(max-width: 1030px) 100vw, 1030px\" \/><\/span><\/a><div class='avia-gallery-thumb'> <a href=\"https:\/\/www.transocean.lv\/wp-content\/uploads\/2018\/03\/railway-transport-services-4-1-1030x687.jpg\" href=\"1030\" href=\"687\" href=\"1\" data-srcset=\"https:\/\/www.transocean.lv\/wp-content\/uploads\/2018\/03\/railway-transport-services-4-1.jpg 1030w, https:\/\/www.transocean.lv\/wp-content\/uploads\/2018\/03\/railway-transport-services-4-1-300x200.jpg 300w, https:\/\/www.transocean.lv\/wp-content\/uploads\/2018\/03\/railway-transport-services-4-1-768x512.jpg 768w, https:\/\/www.transocean.lv\/wp-content\/uploads\/2018\/03\/railway-transport-services-4-1-705x470.jpg 705w\" data-sizes=\"(max-width: 1030px) 100vw, 1030px\" data-rel='gallery-1' data-prev-img='https:\/\/www.transocean.lv\/wp-content\/uploads\/2018\/03\/railway-transport-services-4-1.jpg' class='first_thumb lightbox ' data-onclick='1' title='railway-transport-services-4'  itemprop=\"thumbnailUrl\"  ><img decoding=\"async\" class=\"wp-image-6120 avia-img-lazy-loading-not-6120\"   src=\"https:\/\/www.transocean.lv\/wp-content\/uploads\/2018\/03\/railway-transport-services-4-1-495x400.jpg\" width=\"495\" height=\"400\"  title='railway-transport-services-4' alt='' srcset=\"https:\/\/www.transocean.lv\/wp-content\/uploads\/2018\/03\/railway-transport-services-4-1-495x400.jpg 495w, https:\/\/www.transocean.lv\/wp-content\/uploads\/2018\/03\/railway-transport-services-4-1-845x684.jpg 845w\" sizes=\"(max-width: 495px) 100vw, 495px\" \/><\/a> <a href=\"https:\/\/www.transocean.lv\/wp-content\/uploads\/2018\/03\/railway-transport-services-3-1-1030x686.jpg\" href=\"1030\" href=\"686\" href=\"1\" data-srcset=\"https:\/\/www.transocean.lv\/wp-content\/uploads\/2018\/03\/railway-transport-services-3-1.jpg 1030w, https:\/\/www.transocean.lv\/wp-content\/uploads\/2018\/03\/railway-transport-services-3-1-300x200.jpg 300w, https:\/\/www.transocean.lv\/wp-content\/uploads\/2018\/03\/railway-transport-services-3-1-768x512.jpg 768w, https:\/\/www.transocean.lv\/wp-content\/uploads\/2018\/03\/railway-transport-services-3-1-705x470.jpg 705w\" data-sizes=\"(max-width: 1030px) 100vw, 1030px\" data-rel='gallery-1' data-prev-img='https:\/\/www.transocean.lv\/wp-content\/uploads\/2018\/03\/railway-transport-services-3-1.jpg' class='lightbox ' data-onclick='2' title='railway-transport-services-3'  itemprop=\"thumbnailUrl\"  ><img decoding=\"async\" class=\"wp-image-6199 avia-img-lazy-loading-not-6199\"   src=\"https:\/\/www.transocean.lv\/wp-content\/uploads\/2018\/03\/railway-transport-services-3-1-495x400.jpg\" width=\"495\" height=\"400\"  title='railway-transport-services-3' alt='' srcset=\"https:\/\/www.transocean.lv\/wp-content\/uploads\/2018\/03\/railway-transport-services-3-1-495x400.jpg 495w, https:\/\/www.transocean.lv\/wp-content\/uploads\/2018\/03\/railway-transport-services-3-1-845x684.jpg 845w\" sizes=\"(max-width: 495px) 100vw, 495px\" \/><\/a> <a href=\"https:\/\/www.transocean.lv\/wp-content\/uploads\/2018\/03\/railway-transport-services-2-1-1030x687.jpg\" href=\"1030\" href=\"687\" href=\"1\" data-srcset=\"https:\/\/www.transocean.lv\/wp-content\/uploads\/2018\/03\/railway-transport-services-2-1.jpg 1030w, https:\/\/www.transocean.lv\/wp-content\/uploads\/2018\/03\/railway-transport-services-2-1-300x200.jpg 300w, https:\/\/www.transocean.lv\/wp-content\/uploads\/2018\/03\/railway-transport-services-2-1-768x512.jpg 768w, https:\/\/www.transocean.lv\/wp-content\/uploads\/2018\/03\/railway-transport-services-2-1-705x470.jpg 705w\" data-sizes=\"(max-width: 1030px) 100vw, 1030px\" data-rel='gallery-1' data-prev-img='https:\/\/www.transocean.lv\/wp-content\/uploads\/2018\/03\/railway-transport-services-2-1.jpg' class='lightbox ' data-onclick='3' title='railway-transport-services-2'  itemprop=\"thumbnailUrl\"  ><img decoding=\"async\" class=\"wp-image-6201 avia-img-lazy-loading-not-6201\"   src=\"https:\/\/www.transocean.lv\/wp-content\/uploads\/2018\/03\/railway-transport-services-2-1-495x400.jpg\" width=\"495\" height=\"400\"  title='railway-transport-services-2' alt='' srcset=\"https:\/\/www.transocean.lv\/wp-content\/uploads\/2018\/03\/railway-transport-services-2-1-495x400.jpg 495w, https:\/\/www.transocean.lv\/wp-content\/uploads\/2018\/03\/railway-transport-services-2-1-845x684.jpg 845w\" sizes=\"(max-width: 495px) 100vw, 495px\" \/><\/a> <a href=\"https:\/\/www.transocean.lv\/wp-content\/uploads\/2018\/03\/railway-transport-services-1-1-1030x687.jpg\" href=\"1030\" href=\"687\" href=\"1\" data-srcset=\"https:\/\/www.transocean.lv\/wp-content\/uploads\/2018\/03\/railway-transport-services-1-1.jpg 1030w, https:\/\/www.transocean.lv\/wp-content\/uploads\/2018\/03\/railway-transport-services-1-1-300x200.jpg 300w, https:\/\/www.transocean.lv\/wp-content\/uploads\/2018\/03\/railway-transport-services-1-1-768x512.jpg 768w, https:\/\/www.transocean.lv\/wp-content\/uploads\/2018\/03\/railway-transport-services-1-1-705x470.jpg 705w\" data-sizes=\"(max-width: 1030px) 100vw, 1030px\" data-rel='gallery-1' data-prev-img='https:\/\/www.transocean.lv\/wp-content\/uploads\/2018\/03\/railway-transport-services-1-1.jpg' class='lightbox ' data-onclick='4' title='railway-transport-services-1'  itemprop=\"thumbnailUrl\"  ><img decoding=\"async\" class=\"wp-image-6203 avia-img-lazy-loading-not-6203\"   src=\"https:\/\/www.transocean.lv\/wp-content\/uploads\/2018\/03\/railway-transport-services-1-1-495x400.jpg\" width=\"495\" height=\"400\"  title='railway-transport-services-1' alt='' srcset=\"https:\/\/www.transocean.lv\/wp-content\/uploads\/2018\/03\/railway-transport-services-1-1-495x400.jpg 495w, https:\/\/www.transocean.lv\/wp-content\/uploads\/2018\/03\/railway-transport-services-1-1-845x684.jpg 845w\" sizes=\"(max-width: 495px) 100vw, 495px\" \/><\/a><\/div><\/div><\/div><\/p>\n<\/div><\/div><\/div><!-- close content main div --><\/div><\/div><div id='av_section_1'  class='avia-section main_color avia-section-large avia-no-shadow  avia-bg-style-scroll  avia-builder-el-6  el_after_av_one_half  avia-builder-el-last   container_wrap sidebar_right' style='background-color: #0c3b82;  '  ><div class='container' ><div class='template-page content  av-content-small alpha units'><div class='post-entry post-entry-type-page post-entry-6119'><div class='entry-content-wrapper clearfix'>\n<section class=\"av_textblock_section \"  itemscope=\"itemscope\" itemtype=\"https:\/\/schema.org\/CreativeWork\" ><div class='avia_textblock  av_inherit_color '  style='color:#ffffff; '  itemprop=\"text\" ><h1 style=\"text-align: center;\">S\u016bt\u012bt mums cenas piepras\u012bjums<\/h1>\n<p style=\"text-align: center !important;\">Aizpildiet \u0161\u0101d\u0101 \u012bs\u0101 form\u0101, un m\u016bsu speci\u0101lists sazin\u0101sies ar Jums, cik \u0101tri vien iesp\u0113jams, parasti 2 darba dienu laik\u0101. L\u016bdzu, aizpildiet visus nepiecie\u0161amos laukus, kas atz\u012bm\u0113ti ar (*)<\/p>\n<\/div><\/section>\n<div  class='avia-button-wrap avia-button-center  avia-builder-el-8  el_after_av_textblock  avia-builder-el-last ' ><a href='https:\/\/www.transocean.lv\/lv\/cenas-pieprasijums\/'  class='avia-button av-icon-on-hover avia-color-theme-color-subtle   avia-icon_select-yes-right-icon avia-size-x-large avia-position-center '   ><span class='avia_iconbox_title' >Aizpild\u012b\u0161anas piepras\u012bjuma piepras\u012bjuma veidlapa<\/span><span class='avia_button_icon avia_button_icon_right' aria-hidden='true' data-av_icon='\ue897' data-av_iconfont='entypo-fontello'><\/span><\/a><\/div>\n<\/div><\/div><\/div><!-- close content main div --><\/div><\/div><div id='after_section_1'  class='main_color av_default_container_wrap container_wrap sidebar_right' style=' '  ><div class='container' ><div class='template-page content  av-content-small alpha units'><div class='post-entry post-entry-type-page post-entry-6119'><div class='entry-content-wrapper clearfix'>\n","protected":false},"excerpt":{"rendered":"","protected":false},"author":1,"featured_media":0,"parent":6104,"menu_order":0,"comment_status":"closed","ping_status":"closed","template":"","meta":{"footnotes":""},"class_list":["post-6119","page","type-page","status-publish","hentry"],"_links":{"self":[{"href":"https:\/\/www.transocean.lv\/lv\/wp-json\/wp\/v2\/pages\/6119","targetHints":{"allow":["GET"]}}],"collection":[{"href":"https:\/\/www.transocean.lv\/lv\/wp-json\/wp\/v2\/pages"}],"about":[{"href":"https:\/\/www.transocean.lv\/lv\/wp-json\/wp\/v2\/types\/page"}],"author":[{"embeddable":true,"href":"https:\/\/www.transocean.lv\/lv\/wp-json\/wp\/v2\/users\/1"}],"replies":[{"embeddable":true,"href":"https:\/\/www.transocean.lv\/lv\/wp-json\/wp\/v2\/comments?post=6119"}],"version-history":[{"count":5,"href":"https:\/\/www.transocean.lv\/lv\/wp-json\/wp\/v2\/pages\/6119\/revisions"}],"predecessor-version":[{"id":6808,"href":"https:\/\/www.transocean.lv\/lv\/wp-json\/wp\/v2\/pages\/6119\/revisions\/6808"}],"up":[{"embeddable":true,"href":"https:\/\/www.transocean.lv\/lv\/wp-json\/wp\/v2\/pages\/6104"}],"wp:attachment":[{"href":"https:\/\/www.transocean.lv\/lv\/wp-json\/wp\/v2\/media?parent=6119"}],"curies":[{"name":"wp","href":"https:\/\/api.w.org\/{rel}","templated":true}]}}